{"id":157,"date":"2023-08-23T20:21:00","date_gmt":"2023-08-23T23:21:00","guid":{"rendered":"https:\/\/digitalmaiss.com\/?page_id=157"},"modified":"2024-12-07T12:58:32","modified_gmt":"2024-12-07T15:58:32","slug":"contato","status":"publish","type":"page","link":"https:\/\/digitalmaiss.com\/?page_id=157","title":{"rendered":"Contato"},"content":{"rendered":"\n<header class=\"wp-block-uagb-container uagb-block-10c5e765 alignfull uagb-is-root-container\"><div class=\"uagb-container-inner-blocks-wrap\">\n<div class=\"wp-block-uagb-container uagb-block-2194b4d3\">\n<div class=\"wp-block-uagb-advanced-heading uagb-block-406070d1\"><h2 class=\"uagb-heading-text\">Contato<\/h2><\/div>\n\n\n\n<div class=\"wp-block-uagb-advanced-heading uagb-block-5c080570\"><h3 class=\"uagb-heading-text\">Estamos aqui para ouvir voc\u00ea.<\/h3><\/div>\n<\/div>\n<\/div><\/header>\n\n\n\n<div class=\"wp-block-uagb-container uagb-block-07ffb34c alignfull uagb-is-root-container\"><div class=\"uagb-container-inner-blocks-wrap\">\n<div class=\"wp-block-uagb-container uagb-block-d9945dfa\">\n<section class=\"wp-block-uagb-container uagb-block-cc5ff371\">\n<div class=\"wp-block-uagb-advanced-heading uagb-block-dc30af0e\"><h2 class=\"uagb-heading-text\">Mande uma mensagem<\/h2><\/div>\n\n\n\n<h4 class=\"wp-block-heading alignfull has-text-align-left\" style=\"font-style:normal;font-weight:500\">Entre em contato conosco para qualquer d\u00favida, sugest\u00e3o ou parceria. Sua mensagem \u00e9 importante para n\u00f3s!<\/h4>\n<\/section>\n\n\n<div class=\"wpforms-container wpforms-container-full wpforms-block wpforms-block-60bd9ab4-5901-423f-991c-f0a1dd61607a wpforms-render-modern\" id=\"wpforms-158\"><form id=\"wpforms-form-158\" class=\"wpforms-validate wpforms-form\" data-formid=\"158\" method=\"post\" enctype=\"multipart\/form-data\" action=\"\/index.php?rest_route=%2Fwp%2Fv2%2Fpages%2F157\" data-token=\"5ce17494b5459749a3be946688620d55\" data-token-time=\"1778068895\"><noscript class=\"wpforms-error-noscript\">Ative o JavaScript no seu navegador para preencher este formul\u00e1rio.<\/noscript><div id=\"wpforms-error-noscript\" style=\"display: none;\">Ative o JavaScript no seu navegador para preencher este formul\u00e1rio.<\/div><div class=\"wpforms-field-container\"><div id=\"wpforms-158-field_0-container\" class=\"wpforms-field wpforms-field-name\" data-field-id=\"0\"><fieldset><legend class=\"wpforms-field-label\">Nome <span class=\"wpforms-required-label\" aria-hidden=\"true\">*<\/span><\/legend><div class=\"wpforms-field-row wpforms-field-large\"><div class=\"wpforms-field-row-block wpforms-first wpforms-one-half\"><input type=\"text\" id=\"wpforms-158-field_0\" class=\"wpforms-field-name-first wpforms-field-required\" name=\"wpforms[fields][0][first]\" aria-errormessage=\"wpforms-158-field_0-error\" required><label for=\"wpforms-158-field_0\" class=\"wpforms-field-sublabel after\">Nome<\/label><\/div><div class=\"wpforms-field-row-block wpforms-one-half\"><input type=\"text\" id=\"wpforms-158-field_0-last\" class=\"wpforms-field-name-last wpforms-field-required\" name=\"wpforms[fields][0][last]\" aria-errormessage=\"wpforms-158-field_0-last-error\" required><label for=\"wpforms-158-field_0-last\" class=\"wpforms-field-sublabel after\">Sobrenome<\/label><\/div><\/div><\/fieldset><\/div><div id=\"wpforms-158-field_1-container\" class=\"wpforms-field wpforms-field-email\" data-field-id=\"1\"><label class=\"wpforms-field-label\" for=\"wpforms-158-field_1\">Email <span class=\"wpforms-required-label\" aria-hidden=\"true\">*<\/span><\/label><input type=\"email\" id=\"wpforms-158-field_1\" class=\"wpforms-field-large wpforms-field-required\" name=\"wpforms[fields][1]\" spellcheck=\"false\" aria-errormessage=\"wpforms-158-field_1-error\" required><\/div><div id=\"wpforms-158-field_2-container\" class=\"wpforms-field wpforms-field-textarea\" data-field-id=\"2\"><label class=\"wpforms-field-label\" for=\"wpforms-158-field_2\">Mensagem <span class=\"wpforms-required-label\" aria-hidden=\"true\">*<\/span><\/label><textarea id=\"wpforms-158-field_2\" class=\"wpforms-field-medium wpforms-field-required\" name=\"wpforms[fields][2]\" aria-errormessage=\"wpforms-158-field_2-error\" required><\/textarea><\/div><\/div><!-- .wpforms-field-container --><div class=\"wpforms-submit-container\" ><input type=\"hidden\" name=\"wpforms[id]\" value=\"158\"><input type=\"hidden\" name=\"page_title\" value=\"\"><input type=\"hidden\" name=\"page_url\" value=\"https:\/\/digitalmaiss.com\/index.php?rest_route=\/wp\/v2\/pages\/157\"><input type=\"hidden\" name=\"url_referer\" value=\"\"><button type=\"submit\" name=\"wpforms[submit]\" id=\"wpforms-submit-158\" class=\"wpforms-submit\" data-alt-text=\"Enviando...\" data-submit-text=\"Enviar\" aria-live=\"assertive\" value=\"wpforms-submit\">Enviar<\/button><\/div><\/form><\/div>  <!-- .wpforms-container --><\/div>\n<\/div><\/div>\n\n\n\n<div class=\"wp-block-uagb-container uagb-block-0c2523aa alignfull uagb-is-root-container\"><div class=\"uagb-container-inner-blocks-wrap\">\n<section class=\"wp-block-uagb-container uagb-block-7f741d6c\">\n<h4 class=\"wp-block-heading has-ast-global-color-5-color has-text-color has-link-color has-x-large-font-size wp-elements-68de3e508b5cd9d030c15e395c2c3d1f\" style=\"font-style:normal;font-weight:400\">Conquiste efici\u00eancia e inova\u00e7\u00e3o digital agora!<\/h4>\n<\/section>\n<\/div><\/div>\n","protected":false},"excerpt":{"rendered":"<p>Contato Estamos aqui para ouvir voc\u00ea. Mande uma mensagem Entre em contato conosco para qualquer d\u00favida, sugest\u00e3o ou parceria. Sua mensagem \u00e9 importante para n\u00f3s! Conquiste efici\u00eancia e inova\u00e7\u00e3o digital agora!<\/p>\n","protected":false},"author":1,"featured_media":0,"parent":0,"menu_order":0,"comment_status":"closed","ping_status":"closed","template":"","meta":{"_uag_custom_page_level_css":"","site-sidebar-layout":"default","site-content-layout":"","ast-site-content-layout":"default","site-content-style":"default","site-sidebar-style":"default","ast-global-header-display":"","ast-banner-title-visibility":"","ast-main-header-display":"","ast-hfb-above-header-display":"","ast-hfb-below-header-display":"","ast-hfb-mobile-header-display":"","site-post-title":"disabled","ast-breadcrumbs-content":"","ast-featured-img":"","footer-sml-layout":"","ast-disable-related-posts":"","theme-transparent-header-meta":"","adv-header-id-meta":"","stick-header-meta":"","header-above-stick-meta":"","header-main-stick-meta":"","header-below-stick-meta":"","astra-migrate-meta-layouts":"","ast-page-background-enabled":"default","ast-page-background-meta":{"desktop":{"background-color":"var(--ast-global-color-4)","background-image":"","background-repeat":"repeat","background-position":"center center","background-size":"auto","background-attachment":"scroll","background-type":"","background-media":"","overlay-type":"","overlay-color":"","overlay-opacity":"","overlay-gradient":""},"tablet":{"background-color":"","background-image":"","background-repeat":"repeat","background-position":"center center","background-size":"auto","background-attachment":"scroll","background-type":"","background-media":"","overlay-type":"","overlay-color":"","overlay-opacity":"","overlay-gradient":""},"mobile":{"background-color":"","background-image":"","background-repeat":"repeat","background-position":"center center","background-size":"auto","background-attachment":"scroll","background-type":"","background-media":"","overlay-type":"","overlay-color":"","overlay-opacity":"","overlay-gradient":""}},"ast-content-background-meta":{"desktop":{"background-color":"var(--ast-global-color-5)","background-image":"","background-repeat":"repeat","background-position":"center center","background-size":"auto","background-attachment":"scroll","background-type":"","background-media":"","overlay-type":"","overlay-color":"","overlay-opacity":"","overlay-gradient":""},"tablet":{"background-color":"var(--ast-global-color-5)","background-image":"","background-repeat":"repeat","background-position":"center center","background-size":"auto","background-attachment":"scroll","background-type":"","background-media":"","overlay-type":"","overlay-color":"","overlay-opacity":"","overlay-gradient":""},"mobile":{"background-color":"var(--ast-global-color-5)","background-image":"","background-repeat":"repeat","background-position":"center center","background-size":"auto","background-attachment":"scroll","background-type":"","background-media":"","overlay-type":"","overlay-color":"","overlay-opacity":"","overlay-gradient":""}},"footnotes":""},"class_list":["post-157","page","type-page","status-publish","hentry"],"uagb_featured_image_src":{"full":false,"thumbnail":false,"medium":false,"medium_large":false,"large":false,"1536x1536":false,"2048x2048":false},"uagb_author_info":{"display_name":"asuacasainteligente","author_link":"https:\/\/digitalmaiss.com"},"uagb_comment_info":0,"uagb_excerpt":"Contato Estamos aqui para ouvir voc\u00ea. Mande uma mensagem Entre em contato conosco para qualquer d\u00favida, sugest\u00e3o ou parceria. Sua mensagem \u00e9 importante para n\u00f3s! Conquiste efici\u00eancia e inova\u00e7\u00e3o digital agora!","_links":{"self":[{"href":"https:\/\/digitalmaiss.com\/index.php?rest_route=\/wp\/v2\/pages\/157","targetHints":{"allow":["GET"]}}],"collection":[{"href":"https:\/\/digitalmaiss.com\/index.php?rest_route=\/wp\/v2\/pages"}],"about":[{"href":"https:\/\/digitalmaiss.com\/index.php?rest_route=\/wp\/v2\/types\/page"}],"author":[{"embeddable":true,"href":"https:\/\/digitalmaiss.com\/index.php?rest_route=\/wp\/v2\/users\/1"}],"replies":[{"embeddable":true,"href":"https:\/\/digitalmaiss.com\/index.php?rest_route=%2Fwp%2Fv2%2Fcomments&post=157"}],"version-history":[{"count":24,"href":"https:\/\/digitalmaiss.com\/index.php?rest_route=\/wp\/v2\/pages\/157\/revisions"}],"predecessor-version":[{"id":265,"href":"https:\/\/digitalmaiss.com\/index.php?rest_route=\/wp\/v2\/pages\/157\/revisions\/265"}],"wp:attachment":[{"href":"https:\/\/digitalmaiss.com\/index.php?rest_route=%2Fwp%2Fv2%2Fmedia&parent=157"}],"curies":[{"name":"wp","href":"https:\/\/api.w.org\/{rel}","templated":true}]}}