{"id":75,"date":"2023-08-22T23:01:29","date_gmt":"2023-08-23T02:01:29","guid":{"rendered":"https:\/\/digitalmaiss.com\/?page_id=75"},"modified":"2024-12-07T12:59:34","modified_gmt":"2024-12-07T15:59:34","slug":"home","status":"publish","type":"page","link":"https:\/\/digitalmaiss.com\/","title":{"rendered":"Digital Mais | Home"},"content":{"rendered":"\n<header class=\"wp-block-uagb-container uagb-block-b6292f26 alignfull uagb-is-root-container\">\n<div class=\"wp-block-uagb-container uagb-block-e69e27e9\">\n<div class=\"wp-block-uagb-info-box uagb-block-f2f5b4e6 uagb-infobox__content-wrap  uagb-infobox-icon-below-title uagb-infobox-image-valign-top\"><div class=\"uagb-ifb-content\"><div class=\"uagb-ifb-title-wrap\"><h1 class=\"uagb-ifb-title\">Reinvente o Controle de Acesso: <br>Tecnologia de Ponta e Automa\u00e7\u00e3o Descomplicada ao Seu Alcance!<\/h1><\/div><div class=\"uagb-ifb-icon-wrap\"><svg xmlns=\"https:\/\/www.w3.org\/2000\/svg\" viewBox=\"0 0 512 512\"><path d=\"M256 0C114.6 0 0 114.6 0 256c0 141.4 114.6 256 256 256s256-114.6 256-256C512 114.6 397.4 0 256 0zM382.6 302.6l-103.1 103.1C270.7 414.6 260.9 416 256 416c-4.881 0-14.65-1.391-22.65-9.398L129.4 302.6c-12.5-12.5-12.5-32.75 0-45.25s32.75-12.5 45.25 0L224 306.8V128c0-17.69 14.33-32 32-32s32 14.31 32 32v178.8l49.38-49.38c12.5-12.5 32.75-12.5 45.25 0S395.1 290.1 382.6 302.6z\"><\/path><\/svg><\/div><\/div><\/div>\n<\/div>\n<\/header>\n\n\n\n<div class=\"wp-block-uagb-container uagb-block-79703010 alignfull uagb-is-root-container\"><div class=\"uagb-container-inner-blocks-wrap\">\n<div class=\"wp-block-uagb-container uagb-block-6f168862 alignfull uagb-is-root-container\">\n<div class=\"wp-block-uagb-container uagb-block-ce6689d5\">\n<div class=\"wp-block-uagb-advanced-heading uagb-block-6727d735\"><h4 class=\"uagb-heading-text\">Entregas<\/h4><p class=\"uagb-desc-text\">Garante um controle rigoroso das entregas de cartas e pacotes <\/p><\/div>\n<\/div>\n\n\n\n<div class=\"wp-block-uagb-container uagb-block-12834130\">\n<div class=\"wp-block-uagb-advanced-heading uagb-block-b554a057\"><h4 class=\"uagb-heading-text\">QR Code<\/h4><p class=\"uagb-desc-text\">Acessar o seu espa\u00e7o pelo seu celular ou convidar<br>algu\u00e9m via WhatsApp.<\/p><\/div>\n<\/div>\n\n\n\n<div class=\"wp-block-uagb-container uagb-block-057f8b99\">\n<div class=\"wp-block-uagb-advanced-heading uagb-block-e9c53507\"><h4 class=\"uagb-heading-text\">Aviso \u00e0 portaria<\/h4><p class=\"uagb-desc-text\">Avisar previamente a portaria sobre a chegada de seus convidados<\/p><\/div>\n<\/div>\n\n\n\n<div class=\"wp-block-uagb-container uagb-block-9bfa770b\">\n<div class=\"wp-block-uagb-advanced-heading uagb-block-d1dd31a0\"><h4 class=\"uagb-heading-text\">Mural de Avisos<\/h4><p class=\"uagb-desc-text\">Comunicar com todos os usu\u00e1rios de forma simples e pr\u00e1tica<\/p><\/div>\n<\/div>\n<\/div>\n\n\n\n<div class=\"wp-block-uagb-advanced-heading uagb-block-21b5ac1b\"><h2 class=\"uagb-heading-text\">Nosso diferencial est\u00e1 na fus\u00e3o de tecnologia de ponta com personaliza\u00e7\u00e3o sob medida para as suas necessidades.<\/h2><\/div>\n\n\n\n<div class=\"wp-block-uagb-container uagb-block-d9e67a6b\">\n<p class=\"has-medium-font-size\">Utilizando recursos avan\u00e7ados como QR code, chave virtual, c\u00e2meras inteligentes e acionamento remoto, colocamos o poder nas suas m\u00e3os. Imagine receber notifica\u00e7\u00f5es de acesso em tempo real e ter o controle total nas suas pr\u00f3prias m\u00e3os.<\/p>\n<\/div>\n<\/div><\/div>\n\n\n\n<div class=\"wp-block-uagb-container uagb-block-a32666d1 alignfull uagb-is-root-container\"><div class=\"uagb-container-inner-blocks-wrap\">\n<div class=\"wp-block-uagb-container uagb-block-7c076fad\">\n<div class=\"wp-block-uagb-advanced-heading uagb-block-e767b356\"><h2 class=\"uagb-heading-text\">Transforme o Controle de Acesso<\/h2><\/div>\n\n\n\n<div class=\"wp-block-uagb-advanced-heading uagb-block-720928e5\"><h5 class=\"uagb-heading-text\">Conquiste Efici\u00eancia e Inova\u00e7\u00e3o Digital!<\/h5><div class=\"uagb-separator\"><\/div><\/div>\n<\/div>\n\n\n\n<div class=\"wp-block-uagb-container uagb-block-cd0ed259\"><\/div>\n\n\n\n<div class=\"wp-block-uagb-container uagb-block-4de4a5a9\">\n<div class=\"wp-block-uagb-container uagb-block-e5699de0 alignfull uagb-is-root-container\"><div class=\"uagb-container-inner-blocks-wrap\">\n<div class=\"wp-block-uagb-container uagb-block-266436e8\">\n<div class=\"wp-block-uagb-advanced-heading uagb-block-d4fa38c0\"><h2 class=\"uagb-heading-text\">1<\/h2><\/div>\n<\/div>\n\n\n\n<div class=\"wp-block-uagb-container uagb-block-c806e368\">\n<div class=\"wp-block-uagb-advanced-heading uagb-block-1930e19a\"><h4 class=\"uagb-heading-text\">Autoriza\u00e7\u00e3o de Pessoas e Ve\u00edculos<\/h4><p class=\"uagb-desc-text\">Permite o cadastro de diversas categorias de pessoas, incluindo moradores, propriet\u00e1rios, locat\u00e1rios, prestadores de servi\u00e7os, funcion\u00e1rios, familiares, visitantes, convidados e lista de festas.<\/p><\/div>\n<\/div>\n<\/div><\/div>\n\n\n\n<div class=\"wp-block-uagb-container uagb-block-2fbeb037 alignfull uagb-is-root-container\"><div class=\"uagb-container-inner-blocks-wrap\">\n<div class=\"wp-block-uagb-container uagb-block-d84d5c16\">\n<div class=\"wp-block-uagb-advanced-heading uagb-block-d3ad5f46\"><h2 class=\"uagb-heading-text\">2<\/h2><\/div>\n<\/div>\n\n\n\n<div class=\"wp-block-uagb-container uagb-block-cfd0505e\">\n<div class=\"wp-block-uagb-advanced-heading uagb-block-d364d616\"><h4 class=\"uagb-heading-text\">Acionamentos<\/h4><p class=\"uagb-desc-text\">Com essa funcionalidade, \u00e9 poss\u00edvel acionar portas, port\u00f5es e outras automa\u00e7\u00f5es de forma simples e eficiente.<\/p><\/div>\n<\/div>\n<\/div><\/div>\n\n\n\n<div class=\"wp-block-uagb-container uagb-block-f39587a3 alignfull uagb-is-root-container\"><div class=\"uagb-container-inner-blocks-wrap\">\n<div class=\"wp-block-uagb-container uagb-block-27250d6f\">\n<div class=\"wp-block-uagb-advanced-heading uagb-block-05bd15af\"><h2 class=\"uagb-heading-text\">3<\/h2><\/div>\n<\/div>\n\n\n\n<div class=\"wp-block-uagb-container uagb-block-c480f3d1\">\n<div class=\"wp-block-uagb-advanced-heading uagb-block-4382b45a\"><h4 class=\"uagb-heading-text\">Convite Chave Virtual<\/h4><p class=\"uagb-desc-text\">Com esta fun\u00e7\u00e3o, o morador pode enviar um convite pelo WhatsApp para seus convidados, definindo data e hora para o acesso.<\/p><\/div>\n<\/div>\n<\/div><\/div>\n<\/div>\n<\/div><\/div>\n\n\n\n<div class=\"wp-block-uagb-container uagb-block-f669e537 alignfull uagb-is-root-container\"><div class=\"uagb-container-inner-blocks-wrap\">\n<div class=\"wp-block-uagb-advanced-heading uagb-block-02a5a19c\"><h2 class=\"uagb-heading-text\">N\u00e3o espere mais para elevar a efici\u00eancia, seguran\u00e7a e praticidade do seu espa\u00e7o. <\/h2><\/div>\n<\/div><\/div>\n\n\n\n<section class=\"wp-block-uagb-container uagb-block-c3fed4a9 alignfull uagb-is-root-container\"><div class=\"uagb-container-inner-blocks-wrap\">\n<summary class=\"wp-block-uagb-container uagb-block-3302537b\">\n<div class=\"wp-block-uagb-advanced-heading uagb-block-b8c214c1\"><h5 class=\"uagb-heading-text\">Junte-se a n\u00f3s e experimente o futuro do controle de acesso e da automatiza\u00e7\u00e3o de processos.<\/h5><\/div>\n<\/summary>\n<\/div><\/section>\n","protected":false},"excerpt":{"rendered":"<p>Entregas Garante um controle rigoroso das entregas de cartas e pacotes QR Code Acessar o seu espa\u00e7o pelo seu celular ou convidaralgu\u00e9m via WhatsApp. Aviso \u00e0 portaria Avisar previamente a portaria sobre a chegada de seus convidados Mural de Avisos Comunicar com todos os usu\u00e1rios de forma simples e pr\u00e1tica Nosso diferencial est\u00e1 na fus\u00e3o [&hellip;]<\/p>\n","protected":false},"author":1,"featured_media":0,"parent":0,"menu_order":0,"comment_status":"closed","ping_status":"closed","template":"","meta":{"_uag_custom_page_level_css":"","site-sidebar-layout":"default","site-content-layout":"","ast-site-content-layout":"default","site-content-style":"default","site-sidebar-style":"default","ast-global-header-display":"","ast-banner-title-visibility":"","ast-main-header-display":"","ast-hfb-above-header-display":"","ast-hfb-below-header-display":"","ast-hfb-mobile-header-display":"","site-post-title":"disabled","ast-breadcrumbs-content":"","ast-featured-img":"","footer-sml-layout":"","ast-disable-related-posts":"","theme-transparent-header-meta":"","adv-header-id-meta":"","stick-header-meta":"","header-above-stick-meta":"","header-main-stick-meta":"","header-below-stick-meta":"","astra-migrate-meta-layouts":"","ast-page-background-enabled":"default","ast-page-background-meta":{"desktop":{"background-color":"var(--ast-global-color-4)","background-image":"","background-repeat":"repeat","background-position":"center center","background-size":"auto","background-attachment":"scroll","background-type":"","background-media":"","overlay-type":"","overlay-color":"","overlay-opacity":"","overlay-gradient":""},"tablet":{"background-color":"","background-image":"","background-repeat":"repeat","background-position":"center center","background-size":"auto","background-attachment":"scroll","background-type":"","background-media":"","overlay-type":"","overlay-color":"","overlay-opacity":"","overlay-gradient":""},"mobile":{"background-color":"","background-image":"","background-repeat":"repeat","background-position":"center center","background-size":"auto","background-attachment":"scroll","background-type":"","background-media":"","overlay-type":"","overlay-color":"","overlay-opacity":"","overlay-gradient":""}},"ast-content-background-meta":{"desktop":{"background-color":"var(--ast-global-color-5)","background-image":"","background-repeat":"repeat","background-position":"center center","background-size":"auto","background-attachment":"scroll","background-type":"","background-media":"","overlay-type":"","overlay-color":"","overlay-opacity":"","overlay-gradient":""},"tablet":{"background-color":"var(--ast-global-color-5)","background-image":"","background-repeat":"repeat","background-position":"center center","background-size":"auto","background-attachment":"scroll","background-type":"","background-media":"","overlay-type":"","overlay-color":"","overlay-opacity":"","overlay-gradient":""},"mobile":{"background-color":"var(--ast-global-color-5)","background-image":"","background-repeat":"repeat","background-position":"center center","background-size":"auto","background-attachment":"scroll","background-type":"","background-media":"","overlay-type":"","overlay-color":"","overlay-opacity":"","overlay-gradient":""}},"footnotes":""},"class_list":["post-75","page","type-page","status-publish","hentry"],"uagb_featured_image_src":{"full":false,"thumbnail":false,"medium":false,"medium_large":false,"large":false,"1536x1536":false,"2048x2048":false},"uagb_author_info":{"display_name":"asuacasainteligente","author_link":"https:\/\/digitalmaiss.com"},"uagb_comment_info":0,"uagb_excerpt":"Entregas Garante um controle rigoroso das entregas de cartas e pacotes QR Code Acessar o seu espa\u00e7o pelo seu celular ou convidaralgu\u00e9m via WhatsApp. Aviso \u00e0 portaria Avisar previamente a portaria sobre a chegada de seus convidados Mural de Avisos Comunicar com todos os usu\u00e1rios de forma simples e pr\u00e1tica Nosso diferencial est\u00e1 na fus\u00e3o&hellip;","_links":{"self":[{"href":"https:\/\/digitalmaiss.com\/index.php?rest_route=\/wp\/v2\/pages\/75","targetHints":{"allow":["GET"]}}],"collection":[{"href":"https:\/\/digitalmaiss.com\/index.php?rest_route=\/wp\/v2\/pages"}],"about":[{"href":"https:\/\/digitalmaiss.com\/index.php?rest_route=\/wp\/v2\/types\/page"}],"author":[{"embeddable":true,"href":"https:\/\/digitalmaiss.com\/index.php?rest_route=\/wp\/v2\/users\/1"}],"replies":[{"embeddable":true,"href":"https:\/\/digitalmaiss.com\/index.php?rest_route=%2Fwp%2Fv2%2Fcomments&post=75"}],"version-history":[{"count":43,"href":"https:\/\/digitalmaiss.com\/index.php?rest_route=\/wp\/v2\/pages\/75\/revisions"}],"predecessor-version":[{"id":251,"href":"https:\/\/digitalmaiss.com\/index.php?rest_route=\/wp\/v2\/pages\/75\/revisions\/251"}],"wp:attachment":[{"href":"https:\/\/digitalmaiss.com\/index.php?rest_route=%2Fwp%2Fv2%2Fmedia&parent=75"}],"curies":[{"name":"wp","href":"https:\/\/api.w.org\/{rel}","templated":true}]}}